{"id":27,"date":"2014-06-13T16:43:56","date_gmt":"2014-06-13T16:43:56","guid":{"rendered":"http:\/\/societeartistiquedecharlesbourg.com\/sac\/?page_id=27"},"modified":"2014-11-10T17:03:47","modified_gmt":"2014-11-10T22:03:47","slug":"nouvelles","status":"publish","type":"page","link":"https:\/\/www.societeartistiquedecharlesbourg.com\/?page_id=27","title":{"rendered":"Nouvelles"},"content":{"rendered":"<div class=\"wpb-content-wrapper\"><p>[vc_row][vc_column][vc_column_text]<\/p>\n<h2>\u00c7a bouge \u00e0 la Soci\u00e9t\u00e9 artistique de Charlesbourg<\/h2>\n<p>Soyez au courant de tout ce qui bouge \u00e0 la Soci\u00e9t\u00e9 artistique de Charlesbourg. Consultez nos toutes derni\u00e8res nouvelles ci-contre. Nous sommes heureux de participer \u00e0 la vie du Trait-Carr\u00e9 en mettant sur pied une foule d&rsquo;activit\u00e9s, de cours et bien plus !<\/p>\n<p>Et pour tout savoir, cliquez J&rsquo;aime sur notre page <a href=\"http:\/\/www.facebook.com\/societeartistique\" target=\"_blank\">Facebook<\/a> !<\/p>\n<div class=\"soc-ico\"><a title=\"La page Facebook s&#039;ouvre dans une nouvelle fen\u00eatre\" href=\"\" target=\"_blank\" class=\"facebook\"><span class=\"soc-font-icon\"><\/span><span class=\"screen-reader-text\">La page Facebook s&#039;ouvre dans une nouvelle fen\u00eatre<\/span><\/a><\/div>\n<p>&nbsp;<\/p>\n<hr \/>\n<p>[\/vc_column_text][\/vc_column][\/vc_row]<\/p>\n<\/div>","protected":false},"excerpt":{"rendered":"<p>[vc_row][vc_column][vc_column_text] \u00c7a bouge \u00e0 la Soci\u00e9t\u00e9 artistique de Charlesbourg Soyez au courant de tout ce qui bouge \u00e0 la Soci\u00e9t\u00e9 artistique de Charlesbourg. Consultez nos toutes derni\u00e8res nouvelles ci-contre. Nous sommes heureux de participer \u00e0 la vie du Trait-Carr\u00e9 en mettant sur pied une foule d&rsquo;activit\u00e9s, de cours et bien plus ! Et pour tout&hellip;<\/p>\n","protected":false},"author":1,"featured_media":0,"parent":0,"menu_order":0,"comment_status":"closed","ping_status":"closed","template":"template-blog-list.php","meta":{"footnotes":""},"class_list":["post-27","page","type-page","status-publish","hentry","description-off"],"_links":{"self":[{"href":"https:\/\/www.societeartistiquedecharlesbourg.com\/index.php?rest_route=\/wp\/v2\/pages\/27","targetHints":{"allow":["GET"]}}],"collection":[{"href":"https:\/\/www.societeartistiquedecharlesbourg.com\/index.php?rest_route=\/wp\/v2\/pages"}],"about":[{"href":"https:\/\/www.societeartistiquedecharlesbourg.com\/index.php?rest_route=\/wp\/v2\/types\/page"}],"author":[{"embeddable":true,"href":"https:\/\/www.societeartistiquedecharlesbourg.com\/index.php?rest_route=\/wp\/v2\/users\/1"}],"replies":[{"embeddable":true,"href":"https:\/\/www.societeartistiquedecharlesbourg.com\/index.php?rest_route=%2Fwp%2Fv2%2Fcomments&post=27"}],"version-history":[{"count":4,"href":"https:\/\/www.societeartistiquedecharlesbourg.com\/index.php?rest_route=\/wp\/v2\/pages\/27\/revisions"}],"predecessor-version":[{"id":153,"href":"https:\/\/www.societeartistiquedecharlesbourg.com\/index.php?rest_route=\/wp\/v2\/pages\/27\/revisions\/153"}],"wp:attachment":[{"href":"https:\/\/www.societeartistiquedecharlesbourg.com\/index.php?rest_route=%2Fwp%2Fv2%2Fmedia&parent=27"}],"curies":[{"name":"wp","href":"https:\/\/api.w.org\/{rel}","templated":true}]}}