{"id":161,"date":"2014-07-12T12:50:38","date_gmt":"2014-07-12T12:50:38","guid":{"rendered":"http:\/\/societeartistiquedecharlesbourg.com\/sac\/?page_id=161"},"modified":"2025-12-22T17:38:06","modified_gmt":"2025-12-22T22:38:06","slug":"cours","status":"publish","type":"page","link":"https:\/\/www.societeartistiquedecharlesbourg.com\/?page_id=161","title":{"rendered":"Formation"},"content":{"rendered":"<h1><strong>Un nouvel horaire pour les cours et ateliers est maintenant disponible. Joignez-vous \u00e0 nous!<\/strong><\/h1>\n<p>Le nouvel horaire des cours et ateliers pour la session d&rsquo;hiver commen\u00e7ant en janvier 2026 est maintenant disponible.<\/p>\n<p>Des cours de qualit\u00e9 dans de nombreuses disciplines et \u00e0 prix comp\u00e9titifs sont dispens\u00e9s dans les locaux de la Soci\u00e9t\u00e9 par des professeurs exp\u00e9riment\u00e9s et attentifs aux besoins de leurs \u00e9l\u00e8ves.<\/p>\n<p>Prenez connaissance \u00e9galement de l&rsquo;offre d&rsquo;ateliers pour artistes autonomes qui sont aussi offerts. Tellement de bonnes raisons pour devenir membre et profiter des activit\u00e9s de la Soci\u00e9t\u00e9 artistique de Charlesbourg!<\/p>\n<p>INFORMATIONS PERTINENTES &#8211; <strong>PROGRAMMATION 2025-2026<\/strong><\/p>\n<ul>\n<li><strong><a href=\"http:\/\/www.societeartistiquedecharlesbourg.com\/sac\/wp-content\/uploads\/2025\/08\/Repertoire-des-profs-2025-2026-v2.pdf\">R\u00e9pertoire des professeurs &#8211; programmation 2025-2026<\/a><\/strong><\/li>\n<li><strong style=\"word-spacing: normal;\"><a href=\"http:\/\/www.societeartistiquedecharlesbourg.com\/sac\/wp-content\/uploads\/2025\/12\/cours-SAC-2025-2026-v4.pdf\">cours SAC 2025 -2026 v4<\/a><\/strong><\/li>\n<\/ul>\n<p><strong>Nous serons heureux de vous compter parmi la communaut\u00e9 d&rsquo;artistes de la Soci\u00e9t\u00e9 artistique de Charlesbourg.<\/strong><\/p>\n<p>Bienvenue parmi nous!<\/p>\n","protected":false},"excerpt":{"rendered":"<p>Un nouvel horaire pour les cours et ateliers est maintenant disponible. Joignez-vous \u00e0 nous! Le nouvel horaire des cours et ateliers pour la session d&rsquo;hiver commen\u00e7ant en janvier 2026 est maintenant disponible. Des cours de qualit\u00e9 dans de nombreuses disciplines et \u00e0 prix comp\u00e9titifs sont dispens\u00e9s dans les locaux de la Soci\u00e9t\u00e9 par des professeurs&hellip;<\/p>\n","protected":false},"author":1,"featured_media":0,"parent":0,"menu_order":0,"comment_status":"closed","ping_status":"closed","template":"","meta":{"footnotes":""},"class_list":["post-161","page","type-page","status-publish","hentry","description-off"],"_links":{"self":[{"href":"https:\/\/www.societeartistiquedecharlesbourg.com\/index.php?rest_route=\/wp\/v2\/pages\/161","targetHints":{"allow":["GET"]}}],"collection":[{"href":"https:\/\/www.societeartistiquedecharlesbourg.com\/index.php?rest_route=\/wp\/v2\/pages"}],"about":[{"href":"https:\/\/www.societeartistiquedecharlesbourg.com\/index.php?rest_route=\/wp\/v2\/types\/page"}],"author":[{"embeddable":true,"href":"https:\/\/www.societeartistiquedecharlesbourg.com\/index.php?rest_route=\/wp\/v2\/users\/1"}],"replies":[{"embeddable":true,"href":"https:\/\/www.societeartistiquedecharlesbourg.com\/index.php?rest_route=%2Fwp%2Fv2%2Fcomments&post=161"}],"version-history":[{"count":48,"href":"https:\/\/www.societeartistiquedecharlesbourg.com\/index.php?rest_route=\/wp\/v2\/pages\/161\/revisions"}],"predecessor-version":[{"id":942,"href":"https:\/\/www.societeartistiquedecharlesbourg.com\/index.php?rest_route=\/wp\/v2\/pages\/161\/revisions\/942"}],"wp:attachment":[{"href":"https:\/\/www.societeartistiquedecharlesbourg.com\/index.php?rest_route=%2Fwp%2Fv2%2Fmedia&parent=161"}],"curies":[{"name":"wp","href":"https:\/\/api.w.org\/{rel}","templated":true}]}}