{"id":109,"date":"2014-06-15T02:10:03","date_gmt":"2014-06-15T02:10:03","guid":{"rendered":"http:\/\/societeartistiquedecharlesbourg.com\/sac\/?page_id=109"},"modified":"2016-11-16T09:47:08","modified_gmt":"2016-11-16T14:47:08","slug":"artistes-membres","status":"publish","type":"page","link":"https:\/\/www.societeartistiquedecharlesbourg.com\/?page_id=109","title":{"rendered":"Artistes"},"content":{"rendered":"<div class=\"wpb-content-wrapper\"><p>[vc_row margin_top=\u00a0\u00bb0&Prime; padding_left=\u00a0\u00bb40&Prime; padding_right=\u00a0\u00bb40&Prime; bg_position=\u00a0\u00bbtop\u00a0\u00bb bg_repeat=\u00a0\u00bbno-repeat\u00a0\u00bb bg_cover=\u00a0\u00bbfalse\u00a0\u00bb bg_attachment=\u00a0\u00bbfalse\u00a0\u00bb padding_top=\u00a0\u00bb40&Prime; padding_bottom=\u00a0\u00bb40&Prime; parallax_speed=\u00a0\u00bb0.1&Prime;][vc_column width=\u00a0\u00bb1\/1&Prime;][vc_column_text]<\/p>\n<h2>Ils font la fiert\u00e9 d&rsquo;une communaut\u00e9 d&rsquo;artistes d&rsquo;ici<\/h2>\n<p>Les artistes membres de la Soci\u00e9t\u00e9 artistique de Charlesbourg b\u00e9n\u00e9ficient non seulement d&rsquo;avantages \u00e0 faire partie d&rsquo;une communaut\u00e9 d&rsquo;artistes, mais ils sont la fiert\u00e9 d&rsquo;une Soci\u00e9t\u00e9 fond\u00e9e en 1975.<\/p>\n<p>Nous sommes heureux de leur offrir cet espace visant \u00e0 les faire conna\u00eetre. Nous vous invitons \u00e0 consulter leur espace d&rsquo;artiste sur la toile virtuelle.<\/p>\n<p>&nbsp;<\/p>\n<p>[\/vc_column_text][\/vc_column][\/vc_row][vc_row][vc_column width=\u00a0\u00bb1\/1&Prime;][vc_column_text css=\u00a0\u00bb.vc_custom_1402798526967{padding-top: 15px !important;padding-bottom: 15px !important;padding-left: 15px !important;background-color: #e3e0e5 !important;}\u00a0\u00bb]<\/p>\n<h3>LES ARTISTES DE LA SOCI\u00c9T\u00c9 ARTISTIQUE DE CHARLESBOURG<\/h3>\n<p>Consultez leur site Web d&rsquo;artiste d\u00e8s maintenant[\/vc_column_text][\/vc_column][\/vc_row][vc_row margin_top=\u00a0\u00bb25&Prime; margin_bottom=\u00a0\u00bb0&Prime; padding_left=\u00a0\u00bb40&Prime; padding_right=\u00a0\u00bb40&Prime; bg_position=\u00a0\u00bbtop\u00a0\u00bb bg_repeat=\u00a0\u00bbno-repeat\u00a0\u00bb bg_cover=\u00a0\u00bbfalse\u00a0\u00bb bg_attachment=\u00a0\u00bbfalse\u00a0\u00bb padding_top=\u00a0\u00bb40&Prime; padding_bottom=\u00a0\u00bb40&Prime; parallax_speed=\u00a0\u00bb0.1&Prime;][vc_column width=\u00a0\u00bb1\/1&Prime; animation=\u00a0\u00bbfade-in\u00a0\u00bb]<div class=\"standard-arrow list-divider bullet-top\"><ul>\n<li>Audet, Francine : <a href=\"http:\/\/www.francineaudetartiste.com\/\">http:\/\/www.francineaudetartiste.com<\/a><\/li>\n<li>Bernier Linda, portraitiste, pastel et huile\u00a0: <a href=\"http:\/\/www.lindabernier.com\/\">http:\/\/www.lindabernier.com<\/a><\/li>\n<li>Besson, Maud : <a href=\"http:\/\/maudbessonart.weebly.com\/\" target=\"_blank\">http:\/\/maudbessonart.weebly.com\/<\/a><\/li>\n<li>Desrosiers Yvon, sculpture\u00a0: <a href=\"http:\/\/site.voila.fr\/yvon_desrosiers\">http:\/\/site.voila.fr\/yvon_desrosiers<\/a><\/li>\n<li>Dumoulin Diane, artiste peintre\u00a0: <a href=\"http:\/\/www.dianedumoulin.blogspot.ca\/\">http:\/\/www.dianedumoulin.blogspot.ca\/<\/a><\/li>\n<li>Giroux Louise, aquarelliste\u00a0: <a href=\"http:\/\/louise.giroux.voila.net\/\">http:\/\/louise.giroux.voila.net<\/a><\/li>\n<li>Marsan, Lise\u00a0: <a href=\"http:\/\/www.marsanl.com\" target=\"_blank\">http:\/\/www.marsanl.com <\/a><\/li>\n<li>Murray, Val\u00e9rie : <a href=\"http:\/\/www.valeriemurray.net\" target=\"_blank\">http:\/\/www.valeriemurray.net<\/a> et page Facebook : <a href=\"http:\/\/www.facebook.com\/valerie.murray.artiste\" target=\"_blank\">www.facebook.com\/valerie.murray.artiste<\/a><\/li>\n<li>Paradis Jean-Charles, photographe\u00a0: <a href=\"http:\/\/jeancharlesparadisphotographie.zenfolio.com\/\">http:\/\/jeancharlesparadisphotographie.zenfolio.com\/<\/a><\/li>\n<li>Talbot Carole, artiste peintre\u00a0: <a href=\"http:\/\/www.galerieentrart.com\/collectif\/caroletalbot\/\">http:\/\/www.galerieentrart.com\/collectif\/caroletalbot\/<\/a><\/li>\n<li>Villeneuve Myl\u00e8ne, artiste peintre\u00a0: <a href=\"http:\/\/princesstigerlili.deviantart.com\/\">http:\/\/princesstigerlili.deviantart.com\/<\/a> <a href=\"http:\/\/mylenevilleneuve.com\/\" target=\"_blank\">http:\/\/mylenevilleneuve.com\/<\/a><\/li>\n<\/ul>\n<\/div>[\/vc_column][\/vc_row]<\/p>\n<\/div>","protected":false},"excerpt":{"rendered":"<p>[vc_row margin_top=\u00a0\u00bb0&Prime; padding_left=\u00a0\u00bb40&Prime; padding_right=\u00a0\u00bb40&Prime; bg_position=\u00a0\u00bbtop\u00a0\u00bb bg_repeat=\u00a0\u00bbno-repeat\u00a0\u00bb bg_cover=\u00a0\u00bbfalse\u00a0\u00bb bg_attachment=\u00a0\u00bbfalse\u00a0\u00bb padding_top=\u00a0\u00bb40&Prime; padding_bottom=\u00a0\u00bb40&Prime; parallax_speed=\u00a0\u00bb0.1&Prime;][vc_column width=\u00a0\u00bb1\/1&Prime;][vc_column_text] Ils font la fiert\u00e9 d&rsquo;une communaut\u00e9 d&rsquo;artistes d&rsquo;ici Les artistes membres de la Soci\u00e9t\u00e9 artistique de Charlesbourg b\u00e9n\u00e9ficient non seulement d&rsquo;avantages \u00e0 faire partie d&rsquo;une communaut\u00e9 d&rsquo;artistes, mais ils sont la fiert\u00e9 d&rsquo;une Soci\u00e9t\u00e9 fond\u00e9e en 1975. Nous sommes heureux de leur offrir&hellip;<\/p>\n","protected":false},"author":1,"featured_media":0,"parent":0,"menu_order":0,"comment_status":"closed","ping_status":"closed","template":"","meta":{"footnotes":""},"class_list":["post-109","page","type-page","status-publish","hentry","description-off"],"_links":{"self":[{"href":"https:\/\/www.societeartistiquedecharlesbourg.com\/index.php?rest_route=\/wp\/v2\/pages\/109","targetHints":{"allow":["GET"]}}],"collection":[{"href":"https:\/\/www.societeartistiquedecharlesbourg.com\/index.php?rest_route=\/wp\/v2\/pages"}],"about":[{"href":"https:\/\/www.societeartistiquedecharlesbourg.com\/index.php?rest_route=\/wp\/v2\/types\/page"}],"author":[{"embeddable":true,"href":"https:\/\/www.societeartistiquedecharlesbourg.com\/index.php?rest_route=\/wp\/v2\/users\/1"}],"replies":[{"embeddable":true,"href":"https:\/\/www.societeartistiquedecharlesbourg.com\/index.php?rest_route=%2Fwp%2Fv2%2Fcomments&post=109"}],"version-history":[{"count":12,"href":"https:\/\/www.societeartistiquedecharlesbourg.com\/index.php?rest_route=\/wp\/v2\/pages\/109\/revisions"}],"predecessor-version":[{"id":472,"href":"https:\/\/www.societeartistiquedecharlesbourg.com\/index.php?rest_route=\/wp\/v2\/pages\/109\/revisions\/472"}],"wp:attachment":[{"href":"https:\/\/www.societeartistiquedecharlesbourg.com\/index.php?rest_route=%2Fwp%2Fv2%2Fmedia&parent=109"}],"curies":[{"name":"wp","href":"https:\/\/api.w.org\/{rel}","templated":true}]}}