{"id":82,"date":"2014-06-15T01:21:48","date_gmt":"2014-06-15T01:21:48","guid":{"rendered":"http:\/\/societeartistiquedecharlesbourg.com\/sac\/?page_id=82"},"modified":"2015-08-23T19:43:10","modified_gmt":"2015-08-24T00:43:10","slug":"devenir-membre","status":"publish","type":"page","link":"http:\/\/www.societeartistiquedecharlesbourg.com\/?page_id=82","title":{"rendered":"Devenir membre"},"content":{"rendered":"<div class=\"wpb-content-wrapper\"><p>[vc_row][vc_column width=\u00a0\u00bb1\/1&Prime;][vc_column_text]<\/p>\n<h2>Devenir membre de la Soci\u00e9t\u00e9 artistique de Charlesbourg<\/h2>\n<p>Devenir membre de la Soci\u00e9t\u00e9 artistique de Charlesbourg est un geste qui exprime la volont\u00e9 de participer \u00e0 la vie culturelle de Charlesbourg mais aussi de toute la r\u00e9gion en se joignant \u00e0 une communaut\u00e9 d&rsquo;artistes d\u00e9sireux de promouvoir les arts visuels.<\/p>\n<p>Ouvert autant aux jeunes qu&rsquo;aux moins jeunes, la SAC est un lieu de rencontre pour les amoureux des arts.<\/p>\n<p>&nbsp;<\/p>\n<hr \/>\n<h3><\/h3>\n<h3><\/h3>\n<h3>POURQUOI DEVENIR MEMBRE DE LA SOCI\u00c9T\u00c9 ARTISTIQUE DE CHARLESBOURG?<\/h3>\n<p>[\/vc_column_text][\/vc_column][\/vc_row][vc_row][vc_column width=\u00a0\u00bb1\/1&Prime;]<div class=\"standard-arrow list-divider bullet-top\"><ul>\n<li>Appartenir \u00e0 une communaut\u00e9 d&rsquo;artistes d&rsquo;ici active dans Charlesbourg depuis 1975 \u00e0 proximit\u00e9 et dans un environnement historique<\/li>\n<li>Avoir la possibilit\u00e9 de participer aux cours dispens\u00e9s par des enseignants d&rsquo;exp\u00e9rience avec un acc\u00e8s \u00e0 un mat\u00e9riel de qualit\u00e9<\/li>\n<li>Avoir acc\u00e8s \u00e0 des ateliers tenus dans des locaux chaleureux et accueillants<\/li>\n<li>Avoir la possibilit\u00e9 de participer \u00e0 des activit\u00e9s r\u00e9serv\u00e9es ou \u00e0 co\u00fbt privil\u00e9gi\u00e9<\/li>\n<li>Avoir la possibilit\u00e9 de profiter du site de la soci\u00e9t\u00e9 artistique pour se publiciser<\/li>\n<li>Et plus encore<\/li>\n<\/ul>\n<\/div>[\/vc_column][\/vc_row][vc_row margin_top=\u00a0\u00bb0&Prime; margin_bottom=\u00a0\u00bb0&Prime; padding_left=\u00a0\u00bb40&Prime; padding_right=\u00a0\u00bb40&Prime; type=\u00a0\u00bb4&Prime; bg_position=\u00a0\u00bbtop\u00a0\u00bb bg_repeat=\u00a0\u00bbno-repeat\u00a0\u00bb bg_cover=\u00a0\u00bbfalse\u00a0\u00bb bg_attachment=\u00a0\u00bbfalse\u00a0\u00bb padding_top=\u00a0\u00bb40&Prime; padding_bottom=\u00a0\u00bb40&Prime; parallax_speed=\u00a0\u00bb0.1&Prime;][vc_column width=\u00a0\u00bb1\/1&Prime;][vc_column_text]<\/p>\n<h3>COMMENT DEVENIR MEMBRE?<\/h3>\n<ul>\n<li>Le co\u00fbt d&rsquo;adh\u00e9sion \u00e0 la Soci\u00e9t\u00e9 artistique de Charlesbourg est de :\n<ul>\n<li><strong>20$<\/strong> (annuel) pour les r\u00e9sidents de la Ville de Qu\u00e9bec<\/li>\n<li><strong>30$<\/strong> (annuel) pour les non-r\u00e9sidents de la Ville de Qu\u00e9bec<\/li>\n<\/ul>\n<\/li>\n<li>Utilisez le\u00a0<a href=\"http:\/\/www.societeartistiquedecharlesbourg.com\/sac\/wp-content\/uploads\/2014\/06\/Formulaire-Inscriptions-et-cours-2015.pdf\">Formulaire &#8211; Inscriptions et cours &#8211; 2015<\/a> pour transmettre les informations requises et compl\u00e9ter votre adh\u00e9sion<\/li>\n<\/ul>\n<p>&nbsp;<\/p>\n<hr \/>\n<p>&nbsp;<\/p>\n<h4>Pour en savoir plus :<\/h4>\n<ul>\n<li><a href=\"http:\/\/www.societeartistiquedecharlesbourg.com\/sac\/wp-content\/uploads\/2014\/06\/Formulaire-Inscriptions-et-cours-2015.pdf\">Formulaire &#8211; Inscriptions et cours &#8211; 2015<\/a><\/li>\n<\/ul>\n<p>[\/vc_column_text][\/vc_column][\/vc_row][vc_row margin_top=\u00a0\u00bb30&Prime; padding_left=\u00a0\u00bb40&Prime; padding_right=\u00a0\u00bb40&Prime; bg_position=\u00a0\u00bbtop\u00a0\u00bb bg_repeat=\u00a0\u00bbno-repeat\u00a0\u00bb bg_cover=\u00a0\u00bbfalse\u00a0\u00bb bg_attachment=\u00a0\u00bbfalse\u00a0\u00bb padding_top=\u00a0\u00bb40&Prime; padding_bottom=\u00a0\u00bb40&Prime; parallax_speed=\u00a0\u00bb0.1&Prime;][vc_column width=\u00a0\u00bb1\/1&Prime;][dt_benefits_vc columns=\u00a0\u00bb4&Prime; style=\u00a0\u00bb1&Prime; dividers=\u00a0\u00bbtrue\u00a0\u00bb image_background=\u00a0\u00bbtrue\u00a0\u00bb image_background_color=\u00a0\u00bb#ffffff\u00a0\u00bb target_blank=\u00a0\u00bbfalse\u00a0\u00bb header_size=\u00a0\u00bbh1&Prime; content_size=\u00a0\u00bbnormal\u00a0\u00bb number=\u00a0\u00bb4&Prime; orderby=\u00a0\u00bbdate\u00a0\u00bb order=\u00a0\u00bbdesc\u00a0\u00bb animation=\u00a0\u00bbscale\u00a0\u00bb image_background_border=\u00a0\u00bbcustom\u00a0\u00bb image_background_border_radius=\u00a0\u00bb10&Prime;][\/vc_column][\/vc_row]<\/p>\n<\/div>","protected":false},"excerpt":{"rendered":"<p>[vc_row][vc_column width=\u00a0\u00bb1\/1&Prime;][vc_column_text] Devenir membre de la Soci\u00e9t\u00e9 artistique de Charlesbourg Devenir membre de la Soci\u00e9t\u00e9 artistique de Charlesbourg est un geste qui exprime la volont\u00e9 de participer \u00e0 la vie culturelle de Charlesbourg mais aussi de toute la r\u00e9gion en se joignant \u00e0 une communaut\u00e9 d&rsquo;artistes d\u00e9sireux de promouvoir les arts visuels. Ouvert autant aux&hellip;<\/p>\n","protected":false},"author":1,"featured_media":0,"parent":0,"menu_order":0,"comment_status":"closed","ping_status":"closed","template":"","meta":{"footnotes":""},"class_list":["post-82","page","type-page","status-publish","hentry","description-off"],"_links":{"self":[{"href":"http:\/\/www.societeartistiquedecharlesbourg.com\/index.php?rest_route=\/wp\/v2\/pages\/82","targetHints":{"allow":["GET"]}}],"collection":[{"href":"http:\/\/www.societeartistiquedecharlesbourg.com\/index.php?rest_route=\/wp\/v2\/pages"}],"about":[{"href":"http:\/\/www.societeartistiquedecharlesbourg.com\/index.php?rest_route=\/wp\/v2\/types\/page"}],"author":[{"embeddable":true,"href":"http:\/\/www.societeartistiquedecharlesbourg.com\/index.php?rest_route=\/wp\/v2\/users\/1"}],"replies":[{"embeddable":true,"href":"http:\/\/www.societeartistiquedecharlesbourg.com\/index.php?rest_route=%2Fwp%2Fv2%2Fcomments&post=82"}],"version-history":[{"count":19,"href":"http:\/\/www.societeartistiquedecharlesbourg.com\/index.php?rest_route=\/wp\/v2\/pages\/82\/revisions"}],"predecessor-version":[{"id":404,"href":"http:\/\/www.societeartistiquedecharlesbourg.com\/index.php?rest_route=\/wp\/v2\/pages\/82\/revisions\/404"}],"wp:attachment":[{"href":"http:\/\/www.societeartistiquedecharlesbourg.com\/index.php?rest_route=%2Fwp%2Fv2%2Fmedia&parent=82"}],"curies":[{"name":"wp","href":"https:\/\/api.w.org\/{rel}","templated":true}]}}