{"id":2,"date":"2014-06-13T14:41:37","date_gmt":"2014-06-13T14:41:37","guid":{"rendered":"http:\/\/societeartistiquedecharlesbourg.com\/sac\/?page_id=2"},"modified":"2023-01-29T19:49:31","modified_gmt":"2023-01-30T00:49:31","slug":"bienvenue","status":"publish","type":"page","link":"http:\/\/www.societeartistiquedecharlesbourg.com\/","title":{"rendered":"Bienvenue"},"content":{"rendered":"<div class=\"wpb-content-wrapper\"><p>[vc_row][vc_column width=\u00a0\u00bb1\/1&Prime;][vc_column_text css=\u00a0\u00bb.vc_custom_1415655036179{padding-bottom: 60px !important;}\u00a0\u00bb]<\/p>\n<h2><img decoding=\"async\" class=\"alignright wp-image-32 size-full\" src=\"http:\/\/societeartistiquedecharlesbourg.com\/sac\/wp-content\/uploads\/2014\/06\/logobasmenu.png\" alt=\"logobasmenu\" width=\"230\" height=\"80\" \/>Bienvenue \u00e0 la Soci\u00e9t\u00e9 artistique de Charlesbourg<\/h2>\n<p>La Soci\u00e9t\u00e9 artistique de Charlesbourg vous souhaite la bienvenue sur son tout nouveau site Internet. La SAC est d\u00e9di\u00e9e aux arts visuels depuis 1975 en offrant une foule de cours, formations, ateliers ou activit\u00e9s, en plus de proposer aux visiteurs de nombreuses expositions dans ses deux galeries d\u2019art situ\u00e9es dans le cadre enchanteur du Trait-Carr\u00e9 de Charlesbourg.<\/p>\n<p>Nous vous invitons \u00e0 consulter les diff\u00e9rentes sections de notre site Internet\u00a0pour devenir membre, prendre part \u00e0 des cours et ateliers, participer \u00e0 des activit\u00e9s diverses\u00a0ou pour exposer aux Galeries d\u2019art du Trait-Carr\u00e9 et Magella-Paradis. Merci de votre visite ![\/vc_column_text][\/vc_column][\/vc_row][vc_row][vc_column width=\u00a0\u00bb1\/1&Prime;][\/vc_column][\/vc_row][vc_row margin_top=\u00a0\u00bb20&Prime; padding_left=\u00a0\u00bb40&Prime; padding_right=\u00a0\u00bb40&Prime; bg_position=\u00a0\u00bbtop\u00a0\u00bb bg_repeat=\u00a0\u00bbno-repeat\u00a0\u00bb bg_cover=\u00a0\u00bbfalse\u00a0\u00bb bg_attachment=\u00a0\u00bbfalse\u00a0\u00bb padding_top=\u00a0\u00bb40&Prime; padding_bottom=\u00a0\u00bb40&Prime; parallax_speed=\u00a0\u00bb0.1&Prime;][vc_column width=\u00a0\u00bb2\/3&Prime;][vc_column_text]<\/p>\n<h4>Ne manquez pas de visiter <a title=\"Facebook Soci\u00e9t\u00e9 artistique Charlesbourg\" href=\"http:\/\/www.facebook.com\/societeartistique\" target=\"_blank\" rel=\"noopener\"><strong><em>notre page Facebook en cliquant ici<\/em><\/strong><\/a>!<\/h4>\n<p>[\/vc_column_text][\/vc_column][vc_column width=\u00a0\u00bb1\/3&Prime;][\/vc_column][\/vc_row][vc_row][vc_column width=\u00a0\u00bb1\/1&Prime;][\/vc_column][\/vc_row][vc_row min_height=\u00a0\u00bb325&Prime; margin_top=\u00a0\u00bb20&Prime; padding_left=\u00a0\u00bb40&Prime; padding_right=\u00a0\u00bb40&Prime; bg_position=\u00a0\u00bbtop\u00a0\u00bb bg_repeat=\u00a0\u00bbno-repeat\u00a0\u00bb bg_cover=\u00a0\u00bbfalse\u00a0\u00bb bg_attachment=\u00a0\u00bbtrue\u00a0\u00bb padding_top=\u00a0\u00bb50&Prime; padding_bottom=\u00a0\u00bb50&Prime; parallax_speed=\u00a0\u00bb0.1&Prime; type=\u00a0\u00bb3&Prime;][vc_column width=\u00a0\u00bb2\/3&Prime; animation=\u00a0\u00bbfade-in\u00a0\u00bb][vc_column_text css=\u00a0\u00bb.vc_custom_1409971659426{padding-bottom: 30px !important;}\u00a0\u00bb]<\/p>\n<h3><strong><span style=\"color: #ffffff;\">DERNI\u00c8RES NOUVELLES DE LA SOCI\u00c9T\u00c9<\/span><\/strong><\/h3>\n<p>[\/vc_column_text]<section class=\"items-grid wf-container\"><div class=\"wf-cell wf-1\"><article class=\"post-format-standard\"><div class=\"mini-post-img\"><a class=\"alignleft post-rollover no-avatar\" href=\"http:\/\/www.societeartistiquedecharlesbourg.com\/?p=951\"  style=\"width:60px; height: 60px;\" aria-label=\"Image article\"><\/a><\/div><div class=\"post-content\"><a href=\"http:\/\/www.societeartistiquedecharlesbourg.com\/?p=951\">Exposium des Arts 2026 du 10 au 12 avril<\/a><br \/><time class=\"text-secondary\" datetime=\"2026-04-06T15:04:27-05:00\">6 avril 2026<\/time><\/div><\/article><\/div><div class=\"wf-cell wf-1\"><article class=\"post-format-standard\"><div class=\"mini-post-img\"><a class=\"alignleft post-rollover no-avatar\" href=\"http:\/\/www.societeartistiquedecharlesbourg.com\/?p=947\"  style=\"width:60px; height: 60px;\" aria-label=\"Image article\"><\/a><\/div><div class=\"post-content\"><a href=\"http:\/\/www.societeartistiquedecharlesbourg.com\/?p=947\">Deux nouvelles expositions en f\u00e9vrier \u00e0 la SAC<\/a><br \/><time class=\"text-secondary\" datetime=\"2026-02-21T13:46:02-05:00\">21 f\u00e9vrier 2026<\/time><\/div><\/article><\/div><div class=\"wf-cell wf-1\"><article class=\"post-format-standard\"><div class=\"mini-post-img\"><a class=\"alignleft post-rollover no-avatar\" href=\"http:\/\/www.societeartistiquedecharlesbourg.com\/?p=944\"  style=\"width:60px; height: 60px;\" aria-label=\"Image article\"><\/a><\/div><div class=\"post-content\"><a href=\"http:\/\/www.societeartistiquedecharlesbourg.com\/?p=944\">Une exposition exceptionnelle dans nos deux galeries<\/a><br \/><time class=\"text-secondary\" datetime=\"2026-01-21T20:25:18-05:00\">21 janvier 2026<\/time><\/div><\/article><\/div><\/section>[vc_row_inner][vc_column_inner width=\u00a0\u00bb1\/1&Prime;][vc_column_text]<\/p>\n<h4><a title=\"Racont\u2019arts\" href=\"http:\/\/societeartistiquedecharlesbourg.com\/sac\/?page_id=89\">POUR EN SAVOIR PLUS SUR CE QUI SE PASSE \u00c0 LA SOCI\u00c9T\u00c9 ARTISTIQUE DE CHARLESBOURG,<br \/>\nCONSULTEZ <strong>LES RACONT&rsquo;ARTS<\/strong>, NOTRE BULLETIN D&rsquo;INFORMATION AUX MEMBRES<\/a><\/h4>\n<p>[\/vc_column_text][\/vc_column_inner][\/vc_row_inner][\/vc_column][vc_column width=\u00a0\u00bb1\/3&Prime;]<div class=\"shortcode-banner fade-in\" style=\"min-height: 350px\"><div class=\"shortcode-banner-bg wf-table\" style=\"padding: 10px;min-height: 350px\"><div class=\"shortcode-banner-inside wf-table text-normal\" style=\"background-color: rgb(0,0,0);background-color: #000000;border: solid 10px transparent;outline: solid 3px;outline-color: #ffffff;height: 340px\"><div><h3 style=\"text-align: center;\">Nous sommes d\u00e9di\u00e9s<\/h3>\n<h3 style=\"text-align: center;\">aux\u00a0arts visuels<\/h3>\n<h2 style=\"text-align: center;\"><strong>depuis 1975<\/strong><\/h2>\n<\/div><\/div><\/div><\/div>[\/vc_column][\/vc_row][vc_row][vc_column width=\u00a0\u00bb1\/1&Prime;][\/vc_column][\/vc_row][vc_row margin_top=\u00a0\u00bb30&Prime; margin_bottom=\u00a0\u00bb30&Prime; padding_left=\u00a0\u00bb40&Prime; padding_right=\u00a0\u00bb40&Prime; animation=\u00a0\u00bbscale-up\u00a0\u00bb bg_position=\u00a0\u00bbtop\u00a0\u00bb bg_repeat=\u00a0\u00bbno-repeat\u00a0\u00bb bg_cover=\u00a0\u00bbfalse\u00a0\u00bb bg_attachment=\u00a0\u00bbfalse\u00a0\u00bb padding_top=\u00a0\u00bb40&Prime; padding_bottom=\u00a0\u00bb40&Prime; parallax_speed=\u00a0\u00bb0.1&Prime;][vc_column width=\u00a0\u00bb1\/1&Prime;][vc_column_text css=\u00a0\u00bb.vc_custom_1402802083281{padding-top: 15px !important;padding-bottom: 30px !important;}\u00a0\u00bb]<\/p>\n<h3 style=\"text-align: center;\"><span style=\"color: #800080;\">LA SOCI\u00c9T\u00c9 ARTISTIQUE DE CHARLESBOURG EN QUELQUES MOTS<\/span><\/h3>\n<p>[\/vc_column_text][\/vc_column][\/vc_row][vc_row margin_top=\u00a0\u00bb0&Prime; margin_bottom=\u00a0\u00bb20&Prime; padding_left=\u00a0\u00bb40&Prime; padding_right=\u00a0\u00bb40&Prime; bg_position=\u00a0\u00bbtop\u00a0\u00bb bg_repeat=\u00a0\u00bbno-repeat\u00a0\u00bb bg_cover=\u00a0\u00bbfalse\u00a0\u00bb bg_attachment=\u00a0\u00bbfalse\u00a0\u00bb padding_top=\u00a0\u00bb40&Prime; padding_bottom=\u00a0\u00bb40&Prime; parallax_speed=\u00a0\u00bb0.1&Prime;][vc_column width=\u00a0\u00bb1\/1&Prime;][dt_benefits_vc columns=\u00a0\u00bb4&Prime; style=\u00a0\u00bb1&Prime; dividers=\u00a0\u00bbtrue\u00a0\u00bb image_background=\u00a0\u00bbfalse\u00a0\u00bb image_background_color=\u00a0\u00bb#ffffff\u00a0\u00bb target_blank=\u00a0\u00bbfalse\u00a0\u00bb header_size=\u00a0\u00bbh1&Prime; content_size=\u00a0\u00bbnormal\u00a0\u00bb number=\u00a0\u00bb4&Prime; orderby=\u00a0\u00bbdate\u00a0\u00bb order=\u00a0\u00bbdesc\u00a0\u00bb animation=\u00a0\u00bbscale\u00a0\u00bb][\/vc_column][\/vc_row][vc_row][vc_column width=\u00a0\u00bb1\/1&Prime;][\/vc_column][\/vc_row][vc_row min_height=\u00a0\u00bb150&Prime; margin_top=\u00a0\u00bb30&Prime; margin_bottom=\u00a0\u00bb20&Prime; padding_left=\u00a0\u00bb40&Prime; padding_right=\u00a0\u00bb40&Prime; animation=\u00a0\u00bbfade-in\u00a0\u00bb type=\u00a0\u00bb5&Prime; bg_position=\u00a0\u00bbtop\u00a0\u00bb bg_repeat=\u00a0\u00bbno-repeat\u00a0\u00bb bg_cover=\u00a0\u00bbtrue\u00a0\u00bb bg_attachment=\u00a0\u00bbtrue\u00a0\u00bb padding_top=\u00a0\u00bb40&Prime; padding_bottom=\u00a0\u00bb40&Prime; parallax_speed=\u00a0\u00bb0.1&Prime; bg_color=\u00a0\u00bb#bfbfbf\u00a0\u00bb bg_image=\u00a0\u00bbhttp:\/\/www.societeartistiquedecharlesbourg.com\/sac\/v1_images\/bggris.jpg\u00a0\u00bb][vc_column width=\u00a0\u00bb1\/1&Prime;][vc_column_text css_animation=\u00a0\u00bbappear\u00a0\u00bb]<\/p>\n<h3 style=\"text-align: center;\"><span style=\"color: #800080;\">NOS PARTENAIRES<br \/>\n<\/span>Ils rendent notre existence possible<\/h3>\n<p style=\"text-align: center;\"><a href=\"http:\/\/www.ville.quebec.qc.ca\"><img decoding=\"async\" class=\"alignnone wp-image-202 size-full\" src=\"http:\/\/societeartistiquedecharlesbourg.com\/sac\/wp-content\/uploads\/2014\/06\/villedequebec.png\" alt=\"villedequebec\" width=\"220\" height=\"115\" \/><\/a>\u00a0\u00a0\u00a0\u00a0 <a href=\"https:\/\/www.desjardins.com\/caisse-charlesbourg\" target=\"_blank\" rel=\"noopener\"><img decoding=\"async\" class=\"aligncenter wp-image-622 size-medium\" src=\"http:\/\/www.societeartistiquedecharlesbourg.com\/sac\/wp-content\/uploads\/2020\/02\/815-20030-300x80.png\" alt=\"\" width=\"300\" height=\"80\" srcset=\"http:\/\/www.societeartistiquedecharlesbourg.com\/sac\/wp-content\/uploads\/2020\/02\/815-20030-300x80.png 300w, http:\/\/www.societeartistiquedecharlesbourg.com\/sac\/wp-content\/uploads\/2020\/02\/815-20030.png 675w\" sizes=\"(max-width: 300px) 100vw, 300px\" \/><\/a><br \/>\n<a href=\"http:\/\/www.laboutiqueauxfleurs.com\"><img loading=\"lazy\" decoding=\"async\" class=\"alignnone wp-image-257 size-full\" src=\"http:\/\/societeartistiquedecharlesbourg.com\/sac\/wp-content\/uploads\/2014\/06\/boutiqueauxfleurs.png\" alt=\"boutiqueauxfleurs\" width=\"92\" height=\"100\" \/><\/a>\u00a0\u00a0\u00a0\u00a0\u00a0\u00a0 \u00a0\u00a0\u00a0\u00a0\u00a0\u00a0 <a href=\"http:\/\/www.zone.coop\"><img loading=\"lazy\" decoding=\"async\" class=\"alignnone wp-image-258 size-full\" src=\"http:\/\/societeartistiquedecharlesbourg.com\/sac\/wp-content\/uploads\/2014\/06\/coopzone.png\" alt=\"coopzone\" width=\"107\" height=\"104\" \/><\/a>\u00a0\u00a0\u00a0\u00a0\u00a0 \u00a0\u00a0 \u00a0<img loading=\"lazy\" decoding=\"async\" class=\"alignnone wp-image-259 size-full\" src=\"http:\/\/societeartistiquedecharlesbourg.com\/sac\/wp-content\/uploads\/2014\/06\/encadrementplus.png\" alt=\"encadrementplus\" width=\"200\" height=\"45\" \/><\/p>\n<p>[\/vc_column_text][\/vc_column][\/vc_row][vc_row margin_top=\u00a0\u00bb40&Prime; margin_bottom=\u00a0\u00bb40&Prime; padding_left=\u00a0\u00bb40&Prime; padding_right=\u00a0\u00bb40&Prime; animation=\u00a0\u00bbscale-up\u00a0\u00bb type=\u00a0\u00bb2&Prime; bg_position=\u00a0\u00bbcenter\u00a0\u00bb bg_repeat=\u00a0\u00bbno-repeat\u00a0\u00bb bg_cover=\u00a0\u00bbfalse\u00a0\u00bb bg_attachment=\u00a0\u00bbfalse\u00a0\u00bb padding_top=\u00a0\u00bb40&Prime; padding_bottom=\u00a0\u00bb40&Prime; parallax_speed=\u00a0\u00bb0.1&Prime; min_height=\u00a0\u00bb100&Prime;][vc_column width=\u00a0\u00bb1\/1&Prime;][vc_column_text]<\/p>\n<h2 style=\"text-align: center;\"><a title=\"Devenir membre\" href=\"http:\/\/societeartistiquedecharlesbourg.com\/sac\/?page_id=82\">Faites partie des artistes membres de la Soci\u00e9t\u00e9 artistique de Charlesbourg d\u00e8s maintenant!<\/a><\/h2>\n<p>[\/vc_column_text][\/vc_column][\/vc_row]<\/p>\n<\/div>","protected":false},"excerpt":{"rendered":"<p>[vc_row][vc_column width=\u00a0\u00bb1\/1&Prime;][vc_column_text css=\u00a0\u00bb.vc_custom_1415655036179{padding-bottom: 60px !important;}\u00a0\u00bb] Bienvenue \u00e0 la Soci\u00e9t\u00e9 artistique de Charlesbourg La Soci\u00e9t\u00e9 artistique de Charlesbourg vous souhaite la bienvenue sur son tout nouveau site Internet. La SAC est d\u00e9di\u00e9e aux arts visuels depuis 1975 en offrant une foule de cours, formations, ateliers ou activit\u00e9s, en plus de proposer aux visiteurs de nombreuses expositions&hellip;<\/p>\n","protected":false},"author":1,"featured_media":0,"parent":0,"menu_order":0,"comment_status":"closed","ping_status":"closed","template":"template-microsite.php","meta":{"footnotes":""},"class_list":["post-2","page","type-page","status-publish","hentry","description-off"],"_links":{"self":[{"href":"http:\/\/www.societeartistiquedecharlesbourg.com\/index.php?rest_route=\/wp\/v2\/pages\/2","targetHints":{"allow":["GET"]}}],"collection":[{"href":"http:\/\/www.societeartistiquedecharlesbourg.com\/index.php?rest_route=\/wp\/v2\/pages"}],"about":[{"href":"http:\/\/www.societeartistiquedecharlesbourg.com\/index.php?rest_route=\/wp\/v2\/types\/page"}],"author":[{"embeddable":true,"href":"http:\/\/www.societeartistiquedecharlesbourg.com\/index.php?rest_route=\/wp\/v2\/users\/1"}],"replies":[{"embeddable":true,"href":"http:\/\/www.societeartistiquedecharlesbourg.com\/index.php?rest_route=%2Fwp%2Fv2%2Fcomments&post=2"}],"version-history":[{"count":86,"href":"http:\/\/www.societeartistiquedecharlesbourg.com\/index.php?rest_route=\/wp\/v2\/pages\/2\/revisions"}],"predecessor-version":[{"id":761,"href":"http:\/\/www.societeartistiquedecharlesbourg.com\/index.php?rest_route=\/wp\/v2\/pages\/2\/revisions\/761"}],"wp:attachment":[{"href":"http:\/\/www.societeartistiquedecharlesbourg.com\/index.php?rest_route=%2Fwp%2Fv2%2Fmedia&parent=2"}],"curies":[{"name":"wp","href":"https:\/\/api.w.org\/{rel}","templated":true}]}}