{"id":18,"date":"2014-06-13T15:49:40","date_gmt":"2014-06-13T15:49:40","guid":{"rendered":"http:\/\/societeartistiquedecharlesbourg.com\/sac\/?page_id=18"},"modified":"2014-11-12T18:55:09","modified_gmt":"2014-11-12T23:55:09","slug":"nous-joindre","status":"publish","type":"page","link":"http:\/\/www.societeartistiquedecharlesbourg.com\/?page_id=18","title":{"rendered":"Nous joindre"},"content":{"rendered":"<div class=\"wpb-content-wrapper\"><p>[vc_row][vc_column][vc_column_text]<\/p>\n<h2>Communiquez avec\u00a0la Soci\u00e9t\u00e9 artistique de Charlesbourg<\/h2>\n<p>Entrez en contact avec la Soci\u00e9t\u00e9 artistique de Charlesbourg pour une foule de sujets. Nous vous invitons \u00e0 utiliser le formulaire de contact suivant pour toute demande d&rsquo;information. Nous t\u00e2cherons d&rsquo;y r\u00e9pondre dans les meilleurs d\u00e9lais.<\/p>\n<p>Nos coordonn\u00e9es sont les suivantes :<\/p>\n<address><strong><img decoding=\"async\" class=\"alignleft wp-image-54\" src=\"http:\/\/societeartistiquedecharlesbourg.com\/sac\/wp-content\/uploads\/2014\/06\/Maisons-005-150x150.jpg\" alt=\"Maisons 005\" width=\"135\" height=\"101\" srcset=\"http:\/\/www.societeartistiquedecharlesbourg.com\/sac\/wp-content\/uploads\/2014\/06\/Maisons-005-300x225.jpg 300w, http:\/\/www.societeartistiquedecharlesbourg.com\/sac\/wp-content\/uploads\/2014\/06\/Maisons-005-1024x768.jpg 1024w, http:\/\/www.societeartistiquedecharlesbourg.com\/sac\/wp-content\/uploads\/2014\/06\/Maisons-005.jpg 2048w\" sizes=\"(max-width: 135px) 100vw, 135px\" \/>Administration &#8211; <\/strong><strong>Maison historique Pierre-Lefebvre<\/strong><br \/>\n7985, Trait-Carr\u00e9 Est<br \/>\nQu\u00e9bec &#8211; Arrondissement Charlesbourg<br \/>\nG1H 2Z1<\/address>\n<address>info@societeartistiquedecharlesbourg.com<br \/>\nT\u00e9l.: 418 623-1877<\/address>\n<address>\u00a0<\/address>\n<address>\n<hr \/>\n<\/address>\n<address>\u00a0<\/address>\n<address><strong><img decoding=\"async\" class=\"alignleft wp-image-53\" src=\"http:\/\/societeartistiquedecharlesbourg.com\/sac\/wp-content\/uploads\/2014\/06\/Maisons-001-150x150.jpg\" alt=\"Maisons 001\" width=\"135\" height=\"101\" srcset=\"http:\/\/www.societeartistiquedecharlesbourg.com\/sac\/wp-content\/uploads\/2014\/06\/Maisons-001-300x225.jpg 300w, http:\/\/www.societeartistiquedecharlesbourg.com\/sac\/wp-content\/uploads\/2014\/06\/Maisons-001-1024x768.jpg 1024w, http:\/\/www.societeartistiquedecharlesbourg.com\/sac\/wp-content\/uploads\/2014\/06\/Maisons-001.jpg 2048w\" sizes=\"(max-width: 135px) 100vw, 135px\" \/>Maison historique Magella-Paradis<\/strong><\/address>\n<address>7970, Trait-Carr\u00e9 Est<br \/>\nQu\u00e9bec &#8211; Arrondissement Charlesbourg<br \/>\nG1H 2Z2<br \/>\nT\u00e9l.: 418 624-7961<\/address>\n<address>\u00a0\u00a0<\/address>\n<address>\u00a0<\/address>\n<p>[\/vc_column_text][vc_column_text]<\/p>\n<p>[\/vc_column_text][vc_row_inner][vc_column_inner width=\u00a0\u00bb1\/1&Prime;][\/vc_column_inner][\/vc_row_inner]<div class=\"hr-thin style-line\" style=\"width: 100%;border-top-width: 1px;\"><\/div>[\/vc_column][\/vc_row][vc_row margin_top=\u00a0\u00bb25&Prime; margin_bottom=\u00a0\u00bb25&Prime; padding_left=\u00a0\u00bb40&Prime; padding_right=\u00a0\u00bb40&Prime; type=\u00a0\u00bb4&Prime; bg_position=\u00a0\u00bbtop\u00a0\u00bb bg_repeat=\u00a0\u00bbno-repeat\u00a0\u00bb bg_cover=\u00a0\u00bbfalse\u00a0\u00bb bg_attachment=\u00a0\u00bbfalse\u00a0\u00bb padding_top=\u00a0\u00bb40&Prime; padding_bottom=\u00a0\u00bb40&Prime; parallax_speed=\u00a0\u00bb0.1&Prime;][vc_column width=\u00a0\u00bb1\/2&Prime;][vc_column_text]<\/p>\n<h3>Communiquez avec nous par courriel<\/h3>\n<p>Compl\u00e9tez les champs ci-dessous, nous t\u00e2cherons de r\u00e9pondre \u00e0 votre demande dans les meilleurs d\u00e9lais.[\/vc_column_text]\n<div class=\"wpcf7 no-js\" id=\"wpcf7-f5-o1\" lang=\"fr-FR\" dir=\"ltr\" data-wpcf7-id=\"5\">\n<div class=\"screen-reader-response\"><p role=\"status\" aria-live=\"polite\" aria-atomic=\"true\"><\/p> <ul><\/ul><\/div>\n<form action=\"\/index.php?rest_route=%2Fwp%2Fv2%2Fpages%2F18#wpcf7-f5-o1\" method=\"post\" class=\"wpcf7-form init\" aria-label=\"Formulaire de contact\" novalidate=\"novalidate\" data-status=\"init\">\n<fieldset class=\"hidden-fields-container\"><input type=\"hidden\" name=\"_wpcf7\" value=\"5\" \/><input type=\"hidden\" name=\"_wpcf7_version\" value=\"6.1.1\" \/><input type=\"hidden\" name=\"_wpcf7_locale\" value=\"fr_FR\" \/><input type=\"hidden\" name=\"_wpcf7_unit_tag\" value=\"wpcf7-f5-o1\" \/><input type=\"hidden\" name=\"_wpcf7_container_post\" value=\"0\" \/><input type=\"hidden\" name=\"_wpcf7_posted_data_hash\" value=\"\" \/><input type=\"hidden\" name=\"_wpcf7_recaptcha_response\" value=\"\" \/>\n<\/fieldset>\n<p>Votre nom (obligatoire)\n<\/p>\n<p><span class=\"wpcf7-form-control-wrap\" data-name=\"your-name\"><input size=\"40\" maxlength=\"400\" class=\"wpcf7-form-control wpcf7-text wpcf7-validates-as-required\" aria-required=\"true\" aria-invalid=\"false\" value=\"\" type=\"text\" name=\"your-name\" \/><\/span>\n<\/p>\n<p>Votre courriel (obligatoire)\n<\/p>\n<p><span class=\"wpcf7-form-control-wrap\" data-name=\"your-email\"><input size=\"40\" maxlength=\"400\" class=\"wpcf7-form-control wpcf7-email wpcf7-validates-as-required wpcf7-text wpcf7-validates-as-email\" aria-required=\"true\" aria-invalid=\"false\" value=\"\" type=\"email\" name=\"your-email\" \/><\/span>\n<\/p>\n<p>Souhaitez-vous recevoir des communications courriel de la Soci\u00e9t\u00e9 artistique de Charlesbourg ?\n<\/p>\n<p><span class=\"wpcf7-form-control-wrap\" data-name=\"courriel-liste\"><span class=\"wpcf7-form-control wpcf7-radio\"><span class=\"wpcf7-list-item first\"><input type=\"radio\" name=\"courriel-liste\" value=\"Oui\" \/><span class=\"wpcf7-list-item-label\">Oui<\/span><\/span><span class=\"wpcf7-list-item last\"><input type=\"radio\" name=\"courriel-liste\" value=\"Non\" \/><span class=\"wpcf7-list-item-label\">Non<\/span><\/span><\/span><\/span>\n<\/p>\n<p>Message\n<\/p>\n<p><span class=\"wpcf7-form-control-wrap\" data-name=\"your-message\"><textarea cols=\"40\" rows=\"10\" maxlength=\"2000\" class=\"wpcf7-form-control wpcf7-textarea\" aria-invalid=\"false\" name=\"your-message\"><\/textarea><\/span>\n<\/p>\n<p><input class=\"wpcf7-form-control wpcf7-submit has-spinner\" type=\"submit\" value=\"Envoyer\" \/>\n<\/p><div class=\"wpcf7-response-output\" aria-hidden=\"true\"><\/div>\n<\/form>\n<\/div>\n<div class=\"hr-thin style-line\" style=\"width: 100%;border-top-width: 5px;\"><\/div>[\/vc_column][vc_column width=\u00a0\u00bb1\/2&Prime;][vc_column_text]<\/p>\n<h3>Passez nous voir au coeur du Trait-Carr\u00e9 de Charlesbourg<\/h3>\n<p>Situez nos deux Galeries d&rsquo;art et ne manquez pas de nous visiter !<\/p>\n<p>&nbsp;<\/p>\n<p>[wpgmza id=\u00a0\u00bb1&Prime;][\/vc_column_text]<div class=\"hr-thin style-line\" style=\"width: 100%;border-top-width: 5px;\"><\/div>[\/vc_column][\/vc_row][vc_row][vc_column width=\u00a0\u00bb1\/1&Prime;][\/vc_column][\/vc_row]<\/p>\n<\/div>","protected":false},"excerpt":{"rendered":"<p>[vc_row][vc_column][vc_column_text] Communiquez avec\u00a0la Soci\u00e9t\u00e9 artistique de Charlesbourg Entrez en contact avec la Soci\u00e9t\u00e9 artistique de Charlesbourg pour une foule de sujets. Nous vous invitons \u00e0 utiliser le formulaire de contact suivant pour toute demande d&rsquo;information. Nous t\u00e2cherons d&rsquo;y r\u00e9pondre dans les meilleurs d\u00e9lais. Nos coordonn\u00e9es sont les suivantes : Administration &#8211; Maison historique Pierre-Lefebvre 7985,&hellip;<\/p>\n","protected":false},"author":1,"featured_media":0,"parent":0,"menu_order":0,"comment_status":"closed","ping_status":"closed","template":"","meta":{"footnotes":""},"class_list":["post-18","page","type-page","status-publish","hentry","description-off"],"_links":{"self":[{"href":"http:\/\/www.societeartistiquedecharlesbourg.com\/index.php?rest_route=\/wp\/v2\/pages\/18","targetHints":{"allow":["GET"]}}],"collection":[{"href":"http:\/\/www.societeartistiquedecharlesbourg.com\/index.php?rest_route=\/wp\/v2\/pages"}],"about":[{"href":"http:\/\/www.societeartistiquedecharlesbourg.com\/index.php?rest_route=\/wp\/v2\/types\/page"}],"author":[{"embeddable":true,"href":"http:\/\/www.societeartistiquedecharlesbourg.com\/index.php?rest_route=\/wp\/v2\/users\/1"}],"replies":[{"embeddable":true,"href":"http:\/\/www.societeartistiquedecharlesbourg.com\/index.php?rest_route=%2Fwp%2Fv2%2Fcomments&post=18"}],"version-history":[{"count":26,"href":"http:\/\/www.societeartistiquedecharlesbourg.com\/index.php?rest_route=\/wp\/v2\/pages\/18\/revisions"}],"predecessor-version":[{"id":322,"href":"http:\/\/www.societeartistiquedecharlesbourg.com\/index.php?rest_route=\/wp\/v2\/pages\/18\/revisions\/322"}],"wp:attachment":[{"href":"http:\/\/www.societeartistiquedecharlesbourg.com\/index.php?rest_route=%2Fwp%2Fv2%2Fmedia&parent=18"}],"curies":[{"name":"wp","href":"https:\/\/api.w.org\/{rel}","templated":true}]}}